{"id":4649,"date":"2024-12-30T13:20:18","date_gmt":"2024-12-30T12:20:18","guid":{"rendered":"https:\/\/andam.fr\/concoursandam\/?page_id=4649"},"modified":"2024-12-30T13:25:13","modified_gmt":"2024-12-30T12:25:13","slug":"mentions-legales","status":"publish","type":"page","link":"https:\/\/andam.fr\/concoursandam\/mentions-legales\/","title":{"rendered":"MENTIONS L\u00c9GALES"},"content":{"rendered":"\n<div style=\"height:48px\" aria-hidden=\"true\" class=\"wp-block-spacer\"><\/div>\n\n\n\n<h2 class=\"wp-block-heading has-and-en-font-family has-large-font-size\">MENTIONS L\u00c9GALES <\/h2>\n\n\n\n<p>ANDAM<br>Association Nationale de D\u00e9veloppement des Arts de la Mode<br>30 rue Beaurepaire, 75010 Paris<br>nathalie@andam.fr<br>06.09.76.82.36<\/p>\n\n\n\n<p>Directrice de publication: Tixier Caroline<br>caroline@andam.fr<\/p>\n\n\n\n<p>Le site est h\u00e9berg\u00e9 par OVH<br>H\u00e9bergeur : OVH<br>Soci\u00e9t\u00e9 : OVH<br>Adresse web : www.ovh.com<br>Adresse Postale : 2 rue kellermann<br>BP 80157<br>59053 ROUBAIX Cedex 1<br>T\u00e9l\u00e9phone : +33 (0)8 203 203 63<br>Adresse \u00e9lectronique (E-Mail) : support@ovh.com<\/p>\n","protected":false},"excerpt":{"rendered":"<p>MENTIONS L\u00c9GALES ANDAMAssociation Nationale de D\u00e9veloppement des Arts de la Mode30 rue Beaurepaire, 75010 Parisnathalie@andam.fr06.09.76.82.36 Directrice de publication: Tixier Carolinecaroline@andam.fr Le site est h\u00e9berg\u00e9 par OVHH\u00e9bergeur : OVHSoci\u00e9t\u00e9 : OVHAdresse web : www.ovh.comAdresse Postale : 2 rue kellermannBP 8015759053 ROUBAIX Cedex 1T\u00e9l\u00e9phone : +33 (0)8 203 203 63Adresse \u00e9lectronique (E-Mail) : support@ovh.com<\/p>\n","protected":false},"author":12,"featured_media":0,"parent":0,"menu_order":0,"comment_status":"closed","ping_status":"closed","template":"page-no-title","meta":{"footnotes":""},"_links":{"self":[{"href":"https:\/\/andam.fr\/concoursandam\/wp-json\/wp\/v2\/pages\/4649"}],"collection":[{"href":"https:\/\/andam.fr\/concoursandam\/wp-json\/wp\/v2\/pages"}],"about":[{"href":"https:\/\/andam.fr\/concoursandam\/wp-json\/wp\/v2\/types\/page"}],"author":[{"embeddable":true,"href":"https:\/\/andam.fr\/concoursandam\/wp-json\/wp\/v2\/users\/12"}],"replies":[{"embeddable":true,"href":"https:\/\/andam.fr\/concoursandam\/wp-json\/wp\/v2\/comments?post=4649"}],"version-history":[{"count":8,"href":"https:\/\/andam.fr\/concoursandam\/wp-json\/wp\/v2\/pages\/4649\/revisions"}],"predecessor-version":[{"id":4657,"href":"https:\/\/andam.fr\/concoursandam\/wp-json\/wp\/v2\/pages\/4649\/revisions\/4657"}],"wp:attachment":[{"href":"https:\/\/andam.fr\/concoursandam\/wp-json\/wp\/v2\/media?parent=4649"}],"curies":[{"name":"wp","href":"https:\/\/api.w.org\/{rel}","templated":true}]}}